{"id":136,"date":"2020-10-23T12:42:35","date_gmt":"2020-10-23T15:42:35","guid":{"rendered":"https:\/\/isgsaude.org.br\/amepariquera\/?page_id=136"},"modified":"2025-03-06T11:35:00","modified_gmt":"2025-03-06T14:35:00","slug":"quem-somos","status":"publish","type":"page","link":"https:\/\/isgsaude.org.br\/amepariquera\/quem-somos\/","title":{"rendered":"Quem Somos"},"content":{"rendered":"","protected":false},"excerpt":{"rendered":"<p>O\u00a0Ambulat\u00f3rio M\u00e9dico de Especialidades (AME) de Pariquera-A\u00e7u\u00a0presta atendimento diagn\u00f3stico de alta resolubilidade em diagn\u00f3stico para diferentes especialidades m\u00e9dicas \u00e0 popula\u00e7\u00e3o da regi\u00e3o do Vale do Ribeira, abrangendo os munic\u00edpios de Barra do Turvo, Cajati, Canan\u00e9ia, Eldorado, Iguape, Ilha Comprida, Iporanga, Itariri, Jacupiranga, Juqui\u00e1, Miracatu, Pariquera-A\u00e7u, Pedro de Toledo, Registro e Sete Barras.<\/p>\n","protected":false},"author":1,"featured_media":0,"parent":0,"menu_order":0,"comment_status":"closed","ping_status":"closed","template":"page-sobre.php","meta":{"_acf_changed":false,"footnotes":""},"class_list":["post-136","page","type-page","status-publish","hentry"],"acf":[],"_links":{"self":[{"href":"https:\/\/isgsaude.org.br\/amepariquera\/wp-json\/wp\/v2\/pages\/136","targetHints":{"allow":["GET"]}}],"collection":[{"href":"https:\/\/isgsaude.org.br\/amepariquera\/wp-json\/wp\/v2\/pages"}],"about":[{"href":"https:\/\/isgsaude.org.br\/amepariquera\/wp-json\/wp\/v2\/types\/page"}],"author":[{"embeddable":true,"href":"https:\/\/isgsaude.org.br\/amepariquera\/wp-json\/wp\/v2\/users\/1"}],"replies":[{"embeddable":true,"href":"https:\/\/isgsaude.org.br\/amepariquera\/wp-json\/wp\/v2\/comments?post=136"}],"version-history":[{"count":0,"href":"https:\/\/isgsaude.org.br\/amepariquera\/wp-json\/wp\/v2\/pages\/136\/revisions"}],"wp:attachment":[{"href":"https:\/\/isgsaude.org.br\/amepariquera\/wp-json\/wp\/v2\/media?parent=136"}],"curies":[{"name":"wp","href":"https:\/\/api.w.org\/{rel}","templated":true}]}}