{"id":152,"date":"2020-10-18T16:30:05","date_gmt":"2020-10-18T19:30:05","guid":{"rendered":"https:\/\/isgsaude.org.br\/ceapsol\/?page_id=152"},"modified":"2026-03-16T16:14:59","modified_gmt":"2026-03-16T19:14:59","slug":"transparencia","status":"publish","type":"page","link":"https:\/\/isgsaude.org.br\/ceapsol\/transparencia\/","title":{"rendered":"Transpar\u00eancia"},"content":{"rendered":"","protected":false},"excerpt":{"rendered":"<p>Como organiza\u00e7\u00e3o social, o Instituto S\u00f3crates Guanaes tem o dever de prestar contas a todos os \u00f3rg\u00e3os fiscalizadores da gest\u00e3o p\u00fablica, como a Controladoria Geral, o Tribunal de Contas e o Minist\u00e9rio P\u00fablico.<\/p>\n","protected":false},"author":1,"featured_media":0,"parent":0,"menu_order":0,"comment_status":"closed","ping_status":"closed","template":"","meta":{"_acf_changed":false,"footnotes":""},"class_list":["post-152","page","type-page","status-publish","hentry"],"acf":[],"_links":{"self":[{"href":"https:\/\/isgsaude.org.br\/ceapsol\/wp-json\/wp\/v2\/pages\/152","targetHints":{"allow":["GET"]}}],"collection":[{"href":"https:\/\/isgsaude.org.br\/ceapsol\/wp-json\/wp\/v2\/pages"}],"about":[{"href":"https:\/\/isgsaude.org.br\/ceapsol\/wp-json\/wp\/v2\/types\/page"}],"author":[{"embeddable":true,"href":"https:\/\/isgsaude.org.br\/ceapsol\/wp-json\/wp\/v2\/users\/1"}],"replies":[{"embeddable":true,"href":"https:\/\/isgsaude.org.br\/ceapsol\/wp-json\/wp\/v2\/comments?post=152"}],"version-history":[{"count":2,"href":"https:\/\/isgsaude.org.br\/ceapsol\/wp-json\/wp\/v2\/pages\/152\/revisions"}],"predecessor-version":[{"id":35418,"href":"https:\/\/isgsaude.org.br\/ceapsol\/wp-json\/wp\/v2\/pages\/152\/revisions\/35418"}],"wp:attachment":[{"href":"https:\/\/isgsaude.org.br\/ceapsol\/wp-json\/wp\/v2\/media?parent=152"}],"curies":[{"name":"wp","href":"https:\/\/api.w.org\/{rel}","templated":true}]}}