{"id":777,"date":"2025-12-12T12:16:48","date_gmt":"2025-12-12T15:16:48","guid":{"rendered":"https:\/\/isgsaude.org.br\/hdt\/?page_id=777"},"modified":"2026-03-16T16:12:21","modified_gmt":"2026-03-16T19:12:21","slug":"sobre","status":"publish","type":"page","link":"https:\/\/isgsaude.org.br\/hdt\/sobre\/","title":{"rendered":"Sobre o Hospital Estadual de Doen\u00e7as Tropicais Dr. Anuar Auad"},"content":{"rendered":"","protected":false},"excerpt":{"rendered":"<p>O Hospital Estadual de Doen\u00e7as Tropicais Dr. Anuar Auad (HDT\/HAA), fundado em 10 de janeiro de 1977, surgiu em virtude de uma grande epidemia de doen\u00e7as Meningoc\u00f3cicas em Goi\u00e1s no per\u00edodo de 1972 a 1976.<\/p>\n","protected":false},"author":1,"featured_media":0,"parent":0,"menu_order":0,"comment_status":"closed","ping_status":"closed","template":"page-sobre.php","meta":{"_acf_changed":false,"footnotes":""},"class_list":["post-777","page","type-page","status-publish","hentry"],"acf":[],"_links":{"self":[{"href":"https:\/\/isgsaude.org.br\/hdt\/wp-json\/wp\/v2\/pages\/777","targetHints":{"allow":["GET"]}}],"collection":[{"href":"https:\/\/isgsaude.org.br\/hdt\/wp-json\/wp\/v2\/pages"}],"about":[{"href":"https:\/\/isgsaude.org.br\/hdt\/wp-json\/wp\/v2\/types\/page"}],"author":[{"embeddable":true,"href":"https:\/\/isgsaude.org.br\/hdt\/wp-json\/wp\/v2\/users\/1"}],"replies":[{"embeddable":true,"href":"https:\/\/isgsaude.org.br\/hdt\/wp-json\/wp\/v2\/comments?post=777"}],"version-history":[{"count":2,"href":"https:\/\/isgsaude.org.br\/hdt\/wp-json\/wp\/v2\/pages\/777\/revisions"}],"predecessor-version":[{"id":78769,"href":"https:\/\/isgsaude.org.br\/hdt\/wp-json\/wp\/v2\/pages\/777\/revisions\/78769"}],"wp:attachment":[{"href":"https:\/\/isgsaude.org.br\/hdt\/wp-json\/wp\/v2\/media?parent=777"}],"curies":[{"name":"wp","href":"https:\/\/api.w.org\/{rel}","templated":true}]}}