{"id":803,"date":"2020-09-21T09:57:57","date_gmt":"2020-09-21T12:57:57","guid":{"rendered":"https:\/\/isgsaude.org.br\/hdt\/?page_id=803"},"modified":"2025-03-06T11:47:45","modified_gmt":"2025-03-06T14:47:45","slug":"orientacao-aos-visitantes","status":"publish","type":"page","link":"https:\/\/isgsaude.org.br\/hdt\/orientacao-aos-visitantes\/","title":{"rendered":"Orienta\u00e7\u00e3o aos visitantes"},"content":{"rendered":"","protected":false},"excerpt":{"rendered":"<p>Os acompanhantes e visitas fazem bem \u00e0 sa\u00fade do paciente e auxiliam na identifica\u00e7\u00e3o das suas necessidades e altera\u00e7\u00f5es do seu quadro.<\/p>\n","protected":false},"author":1,"featured_media":0,"parent":0,"menu_order":0,"comment_status":"closed","ping_status":"closed","template":"page-visitas.php","meta":{"_acf_changed":false,"footnotes":""},"class_list":["post-803","page","type-page","status-publish","hentry"],"acf":[],"_links":{"self":[{"href":"https:\/\/isgsaude.org.br\/hdt\/wp-json\/wp\/v2\/pages\/803","targetHints":{"allow":["GET"]}}],"collection":[{"href":"https:\/\/isgsaude.org.br\/hdt\/wp-json\/wp\/v2\/pages"}],"about":[{"href":"https:\/\/isgsaude.org.br\/hdt\/wp-json\/wp\/v2\/types\/page"}],"author":[{"embeddable":true,"href":"https:\/\/isgsaude.org.br\/hdt\/wp-json\/wp\/v2\/users\/1"}],"replies":[{"embeddable":true,"href":"https:\/\/isgsaude.org.br\/hdt\/wp-json\/wp\/v2\/comments?post=803"}],"version-history":[{"count":0,"href":"https:\/\/isgsaude.org.br\/hdt\/wp-json\/wp\/v2\/pages\/803\/revisions"}],"wp:attachment":[{"href":"https:\/\/isgsaude.org.br\/hdt\/wp-json\/wp\/v2\/media?parent=803"}],"curies":[{"name":"wp","href":"https:\/\/api.w.org\/{rel}","templated":true}]}}