{"id":270,"date":"2020-10-23T12:05:29","date_gmt":"2020-10-23T15:05:29","guid":{"rendered":"https:\/\/isgsaude.org.br\/hrjr\/?page_id=270"},"modified":"2025-03-06T11:58:49","modified_gmt":"2025-03-06T14:58:49","slug":"ouvidoria","status":"publish","type":"page","link":"https:\/\/isgsaude.org.br\/hrjr\/ouvidoria\/","title":{"rendered":"Ouvidoria"},"content":{"rendered":"","protected":false},"excerpt":{"rendered":"<p>Tamb\u00e9m denominada como Servi\u00e7o de Atendimento ao Usu\u00e1rio (SAU), a Ouvidoria do HRJR atua em alinhamento com as diretrizes da Secretaria de Sa\u00fade do Estado de S\u00e3o Paulo, trabalhando para atender as demandas dos usu\u00e1rios de forma a melhorar cada vez mais o atendimento prestado.<\/p>\n","protected":false},"author":1,"featured_media":0,"parent":0,"menu_order":0,"comment_status":"closed","ping_status":"closed","template":"page-contato.php","meta":{"_acf_changed":false,"footnotes":""},"class_list":["post-270","page","type-page","status-publish","hentry"],"acf":[],"_links":{"self":[{"href":"https:\/\/isgsaude.org.br\/hrjr\/wp-json\/wp\/v2\/pages\/270","targetHints":{"allow":["GET"]}}],"collection":[{"href":"https:\/\/isgsaude.org.br\/hrjr\/wp-json\/wp\/v2\/pages"}],"about":[{"href":"https:\/\/isgsaude.org.br\/hrjr\/wp-json\/wp\/v2\/types\/page"}],"author":[{"embeddable":true,"href":"https:\/\/isgsaude.org.br\/hrjr\/wp-json\/wp\/v2\/users\/1"}],"replies":[{"embeddable":true,"href":"https:\/\/isgsaude.org.br\/hrjr\/wp-json\/wp\/v2\/comments?post=270"}],"version-history":[{"count":0,"href":"https:\/\/isgsaude.org.br\/hrjr\/wp-json\/wp\/v2\/pages\/270\/revisions"}],"wp:attachment":[{"href":"https:\/\/isgsaude.org.br\/hrjr\/wp-json\/wp\/v2\/media?parent=270"}],"curies":[{"name":"wp","href":"https:\/\/api.w.org\/{rel}","templated":true}]}}